{"id":14,"date":"2015-09-13T00:34:16","date_gmt":"2015-09-12T22:34:16","guid":{"rendered":"http:\/\/relaunch.silentdynamics.de\/?page_id=14"},"modified":"2024-09-20T12:45:20","modified_gmt":"2024-09-20T10:45:20","slug":"impressum","status":"publish","type":"page","link":"https:\/\/silentdynamics.de\/fr\/impressum\/","title":{"rendered":"Mentions l\u00e9gales"},"content":{"rendered":"<p><strong>Mentions l\u00e9gales conform\u00e9ment au \u00a76 de la loi sur les services t\u00e9l\u00e9matiques (TDG)<\/strong><\/p>\n\n\n\n<p>Responsable \u00e9ditorial et webmaster pour la planification, la r\u00e9alisation et la gestion des contenus Internet ainsi que pour l'administration,<\/p>\n\n\n\n<figure class=\"wp-block-table\"><table class=\"has-fixed-layout\"><tbody><tr><td>silentdynamics GmbH<\/td><\/tr><tr><td>Falckenbergstr. 9a<\/td><\/tr><tr><td>18059 Rostock<\/td><\/tr><tr><td>Registre du commerce du tribunal d'instance de Rostock HRB 13076<\/td><\/tr><\/tbody><\/table><\/figure>\n\n\n\n<p><strong>Dirigeant<\/strong><\/p>\n\n\n\n<figure class=\"wp-block-table\"><table class=\"has-fixed-layout\"><tbody><tr><td>Dr.-Ing. Hannes Kr\u00f6ger<\/td><\/tr><\/tbody><\/table><\/figure>\n\n\n\n<p><strong>Avis de non-responsabilit\u00e9<\/strong><\/p>\n\n\n\n<p>Contenu de l'offre en ligne : Les auteurs n'assument aucune garantie quant \u00e0 l'actualit\u00e9, l'exactitude, l'exhaustivit\u00e9 ou la qualit\u00e9 des informations fournies. Les demandes de responsabilit\u00e9 \u00e0 l'encontre des auteurs, se rapportant \u00e0 des dommages mat\u00e9riels ou immat\u00e9riels caus\u00e9s par l'utilisation ou la non-utilisation des informations pr\u00e9sent\u00e9es ou par l'utilisation d'informations erron\u00e9es et incompl\u00e8tes, sont fondamentalement exclues, dans la mesure o\u00f9 aucune faute intentionnelle ou grossi\u00e8rement n\u00e9gligente n'est prouv\u00e9e de la part des auteurs. Toutes les offres sont sans engagement et non contraignantes. Les auteurs se r\u00e9servent express\u00e9ment le droit de modifier, compl\u00e9ter, supprimer des parties des pages ou l'offre enti\u00e8re sans annonce s\u00e9par\u00e9e, ou d'interrompre la publication temporairement ou d\u00e9finitivement.<\/p>\n\n\n\n<p><strong>R\u00e9f\u00e9rences et liens<\/strong><\/p>\n\n\n\n<p>Si des renvois vers des destinations (\u201c liens \u201d) sont faits directement ou indirectement, qui se trouvent en dehors de la responsabilit\u00e9 des auteurs, ceux-ci ne sont responsables que s\u2019ils ont connaissance des contenus et s\u2019il leur est techniquement possible et raisonnable de pr\u00e9venir l\u2019utilisation en cas de contenus ill\u00e9gaux. Pour des contenus allant au-del\u00e0 et en particulier pour des dommages r\u00e9sultant de l\u2019utilisation ou de la non-utilisation d\u2019informations propos\u00e9es de cette mani\u00e8re, seul le fournisseur de la page \u00e0 laquelle il est renvoy\u00e9 est responsable, et non celui qui ne fait que renvoyer \u00e0 la publication respective par le biais de liens. Cette limitation s\u2019applique de la m\u00eame mani\u00e8re aux contributions externes dans les livres d\u2019or, les forums de discussion et les listes de diffusion \u00e9tablis par les auteurs.<\/p>\n\n\n\n<p>Droits d'auteur : Les auteurs s'efforcent de respecter les droits d'auteur des graphiques, documents sonores, s\u00e9quences vid\u00e9o et textes utilis\u00e9s dans toutes les publications, d'utiliser des graphiques, documents sonores, s\u00e9quences vid\u00e9o et textes cr\u00e9\u00e9s par eux-m\u00eames, ou d'utiliser des graphiques, documents sonores, s\u00e9quences vid\u00e9o et textes libres de droits. Le droit d'auteur des objets publi\u00e9s et cr\u00e9\u00e9s par l'auteur lui-m\u00eame reste la propri\u00e9t\u00e9 exclusive de l'auteur des pages.<\/p>\n\n\n\n<p><strong>Validit\u00e9 juridique de cette clause de non-responsabilit\u00e9<\/strong><\/p>\n\n\n\n<p>La pr\u00e9sente clause de non-responsabilit\u00e9 doit \u00eatre consid\u00e9r\u00e9e comme faisant partie de l'offre Internet \u00e0 partir de laquelle cette page a \u00e9t\u00e9 r\u00e9f\u00e9renc\u00e9e. Si des parties ou des formulations individuelles de ce texte ne correspondent pas, ne correspondent plus ou ne correspondent pas enti\u00e8rement \u00e0 l'\u00e9tat actuel du droit, les autres parties du document, quant \u00e0 leur contenu et \u00e0 leur validit\u00e9, n'en seront pas affect\u00e9es.<\/p>\n\n\n\n<p><strong>Avis de non-responsabilit\u00e9<\/strong><\/p>\n\n\n\n<p>Dans l'offre d'information de silentdynamics, il y a des renvois (\u201c liens \u201d) vers d'autres offres Internet, qui se caract\u00e9risent par le fait que le contenu s'ouvre dans une nouvelle fen\u00eatre.<\/p>\n\n\n\n<p>Par le renvoi, silentdynamics permet l'acc\u00e8s \u00e0 l'utilisation de ces contenus (\u00a7 9 Teledienstegesetz). Il n'est pas responsable de ces contenus \u201c\u00e9trangers\u201d car il n'a pas initi\u00e9 la transmission de l'information, ni s\u00e9lectionn\u00e9 le destinataire des informations transmises, ni s\u00e9lectionn\u00e9 ou modifi\u00e9 les informations transmises. Il n'y a pas non plus de mise en cache temporaire automatique de ces \u201cinformations \u00e9trang\u00e8res\u201d du fait de la m\u00e9thode d'appel et de lien choisie par silentdynamics, de sorte qu'aucune responsabilit\u00e9 de silentdynamics pour ces contenus \u00e9trangers ne d\u00e9coule de cela non plus.<\/p>\n\n\n\n<p>Cependant, lors de la premi\u00e8re liaison avec ces services Internet, silentdynamics a v\u00e9rifi\u00e9 si ceux-ci engageaient une responsabilit\u00e9 civile ou p\u00e9nale.<\/p>","protected":false},"excerpt":{"rendered":"<p>Impressum gem\u00e4\u00df \u00a76 Teledienstegesetz (TDG) Verantwortlicher Redakteur und Webmaster f\u00fcr die Planung, Realisierung und Betreuung der Internetinhalte sowie f\u00fcr die Administration ist silentdynamics GmbH Falckenbergstr. 9a 18059 Rostock Handelsregister des Amtsgerichts Rostock HRB 13076 Gesch\u00e4ftsf\u00fchrer Dr.-Ing. Hannes Kr\u00f6ger Haftungsausschluss Inhalt des Onlineangebots: Die Autoren \u00fcbernehmen keinerlei Gew\u00e4hr f\u00fcr die Aktualit\u00e4t, Korrektheit, Vollst\u00e4ndigkeit oder Qualit\u00e4t der [&hellip;]<\/p>\n","protected":false},"author":1,"featured_media":0,"parent":0,"menu_order":0,"comment_status":"closed","ping_status":"closed","template":"","meta":{"footnotes":""},"class_list":["post-14","page","type-page","status-publish","hentry"],"_links":{"self":[{"href":"https:\/\/silentdynamics.de\/fr\/wp-json\/wp\/v2\/pages\/14","targetHints":{"allow":["GET"]}}],"collection":[{"href":"https:\/\/silentdynamics.de\/fr\/wp-json\/wp\/v2\/pages"}],"about":[{"href":"https:\/\/silentdynamics.de\/fr\/wp-json\/wp\/v2\/types\/page"}],"author":[{"embeddable":true,"href":"https:\/\/silentdynamics.de\/fr\/wp-json\/wp\/v2\/users\/1"}],"replies":[{"embeddable":true,"href":"https:\/\/silentdynamics.de\/fr\/wp-json\/wp\/v2\/comments?post=14"}],"version-history":[{"count":0,"href":"https:\/\/silentdynamics.de\/fr\/wp-json\/wp\/v2\/pages\/14\/revisions"}],"wp:attachment":[{"href":"https:\/\/silentdynamics.de\/fr\/wp-json\/wp\/v2\/media?parent=14"}],"curies":[{"name":"wp","href":"https:\/\/api.w.org\/{rel}","templated":true}]}}