{"id":1201,"date":"2018-05-24T21:44:55","date_gmt":"2018-05-24T19:44:55","guid":{"rendered":"http:\/\/silentdynamics.de\/?page_id=1201"},"modified":"2024-09-20T12:38:13","modified_gmt":"2024-09-20T10:38:13","slug":"datenschutzerklaerung","status":"publish","type":"page","link":"https:\/\/silentdynamics.de\/fr\/datenschutzerklaerung\/","title":{"rendered":"D\u00e9claration de confidentialit\u00e9"},"content":{"rendered":"<h2 class=\"wp-block-heading western\">Nom et adresse du responsable<\/h2>\n\n\n\n<p>Le responsable de traitement au sens du r\u00e8glement g\u00e9n\u00e9ral sur la protection des donn\u00e9es et d'autres lois nationales sur la protection des donn\u00e9es des \u00c9tats membres, ainsi que d'autres dispositions relatives \u00e0 la protection des donn\u00e9es, est :<\/p>\n\n\n\n<p>silentdynamics GmbH<br>Falckenbergstr. 9a<br>18059 Rostock<br>Allemagne<br>T\u00e9l. : +49 381 36779853<br>Courriel : info@silentdynamics.de<br>Site web : silentdynamics.de<\/p>\n\n\n\n<h2 class=\"wp-block-heading western\">Nom et adresse du d\u00e9l\u00e9gu\u00e9 \u00e0 la protection des donn\u00e9es<\/h2>\n\n\n\n<p>Le d\u00e9l\u00e9gu\u00e9 \u00e0 la protection des donn\u00e9es du responsable du traitement est :<\/p>\n\n\n\n<p>Dr.-Ing. Hannes Kr\u00f6ger<br>Falckenbergstr. 9a<br>18059 Rostock<br>Allemagne<br>T\u00e9l. : +49 381 36779853<br>E-Mail : hannes.kroeger@silentdynamics.de<\/p>\n\n\n\n<h2 class=\"wp-block-heading western\">Informations g\u00e9n\u00e9rales sur le traitement des donn\u00e9es<\/h2>\n\n\n\n<h3 class=\"wp-block-heading western\">Port\u00e9e du traitement des donn\u00e9es personnelles<\/h3>\n\n\n\n<p>Nous traitons les donn\u00e9es personnelles de nos utilisateurs exclusivement dans la mesure o\u00f9 cela est n\u00e9cessaire pour la fourniture d'un site web fonctionnel ainsi que de nos contenus et services. Le traitement des donn\u00e9es personnelles de nos utilisateurs n'est r\u00e9guli\u00e8rement effectu\u00e9 qu'avec le consentement de l'utilisateur. Une exception s'applique dans les cas o\u00f9 l'obtention pr\u00e9alable d'un consentement est impossible pour des raisons factuelles et que le traitement des donn\u00e9es est autoris\u00e9 par des dispositions l\u00e9gales.<\/p>\n\n\n\n<h3 class=\"wp-block-heading western\">Base l\u00e9gale du traitement des donn\u00e9es personnelles<\/h3>\n\n\n\n<p>Dans la mesure o\u00f9 nous obtenons le consentement de la personne concern\u00e9e pour des op\u00e9rations de traitement de donn\u00e9es personnelles, l'article 6, paragraphe 1, point a) du R\u00e8glement G\u00e9n\u00e9ral sur la Protection des Donn\u00e9es (RGPD) sert de base juridique.<\/p>\n\n\n\n<p>Lors du traitement de donn\u00e9es personnelles n\u00e9cessaires \u00e0 l'ex\u00e9cution d'un contrat auquel la personne concern\u00e9e est partie, l'article 6, paragraphe 1, point b) du RGPD sert de base juridique. Il en va de m\u00eame pour les op\u00e9rations de traitement n\u00e9cessaires \u00e0 la mise en \u0153uvre de mesures pr\u00e9contractuelles.<\/p>\n\n\n\n<p>Dans la mesure o\u00f9 le traitement des donn\u00e9es personnelles est n\u00e9cessaire \u00e0 l'ex\u00e9cution d'une obligation l\u00e9gale \u00e0 laquelle notre entreprise est soumise, l'article 6, paragraphe 1, point c du RGPD constitue la base juridique.<\/p>\n\n\n\n<p>Dans le cas o\u00f9 le traitement de donn\u00e9es personnelles est n\u00e9cessaire pour la sauvegarde d'int\u00e9r\u00eats vitaux de la personne concern\u00e9e ou d'une autre personne physique, l'article 6, paragraphe 1, point d) du RGPD constitue la base juridique.<\/p>\n\n\n\n<p>Si le traitement est n\u00e9cessaire aux fins des int\u00e9r\u00eats l\u00e9gitimes poursuivis par notre entreprise ou par un tiers, \u00e0 condition que les int\u00e9r\u00eats ou les droits et libert\u00e9s fondamentaux de la personne concern\u00e9e ne l'emportent pas, l'article 6, paragraphe 1, point f) du RGPD constitue la base juridique du traitement.<\/p>\n\n\n\n<h3 class=\"wp-block-heading western\">Suppression des donn\u00e9es et dur\u00e9e de conservation<\/h3>\n\n\n\n<p>Les donn\u00e9es personnelles de la personne concern\u00e9e sont supprim\u00e9es ou bloqu\u00e9es d\u00e8s que la finalit\u00e9 de la conservation est atteinte. Une conservation peut avoir lieu en outre si le l\u00e9gislateur europ\u00e9en ou national l'a pr\u00e9vu dans des r\u00e8glements, lois ou autres dispositions de l'Union auxquels le responsable du traitement est soumis. Le blocage ou la suppression des donn\u00e9es a \u00e9galement lieu lorsque le d\u00e9lai de conservation prescrit par les normes susmentionn\u00e9es expire, sauf s'il existe une n\u00e9cessit\u00e9 de conserver les donn\u00e9es pour la conclusion ou l'ex\u00e9cution d'un contrat.<\/p>\n\n\n\n<h2 class=\"wp-block-heading western\">Mise \u00e0 disposition du site web et cr\u00e9ation des fichiers de log<\/h2>\n\n\n\n<h3 class=\"wp-block-heading western\">Description et \u00e9tendue du traitement des donn\u00e9es<\/h3>\n\n\n\n<p>Lors de chaque consultation de notre site Internet, notre syst\u00e8me enregistre automatiquement des donn\u00e9es et des informations provenant du syst\u00e8me informatique de l'ordinateur qui le consulte.<\/p>\n\n\n\n<p>Les donn\u00e9es suivantes sont collect\u00e9es :<\/p>\n\n\n\n<ol class=\"wp-block-list\">\n<li>Informations sur le type de navigateur et la version utilis\u00e9e<\/li>\n\n\n\n<li>Le syst\u00e8me d'exploitation de l'utilisateur<\/li>\n\n\n\n<li>Le fournisseur d'acc\u00e8s \u00e0 Internet de l'utilisateur<\/li>\n\n\n\n<li>L'adresse IP de l'utilisateur<\/li>\n\n\n\n<li>Date et heure d'acc\u00e8s<\/li>\n\n\n\n<li>Sites Web \u00e0 partir desquelles le syst\u00e8me de l'utilisateur acc\u00e8de \u00e0 notre site Web<\/li>\n\n\n\n<li>Sites Web accessibles depuis le syst\u00e8me de l'utilisateur via notre site Web<\/li>\n<\/ol>\n\n\n\n<p>Les donn\u00e9es sont \u00e9galement stock\u00e9es dans les fichiers journaux de notre syst\u00e8me. Aucune donn\u00e9e personnelle de l'utilisateur n'est stock\u00e9e avec ces donn\u00e9es.<\/p>\n\n\n\n<h3 class=\"wp-block-heading western\">Base juridique du traitement des donn\u00e9es<\/h3>\n\n\n\n<p>La base juridique du stockage temporaire des donn\u00e9es et des fichiers journaux est l'article 6, paragraphe 1, point f) du RGPD.<\/p>\n\n\n\n<h3 class=\"wp-block-heading western\">Motif du traitement des donn\u00e9es<\/h3>\n\n\n\n<p>Le stockage temporaire de l'adresse IP par le syst\u00e8me est n\u00e9cessaire pour permettre la livraison du site web sur l'ordinateur de l'utilisateur. \u00c0 cette fin, l'adresse IP de l'utilisateur doit \u00eatre conserv\u00e9e pendant la dur\u00e9e de la session.<\/p>\n\n\n\n<p>Le stockage dans les fichiers journaux est effectu\u00e9 pour garantir le bon fonctionnement du site web. De plus, nous utilisons les donn\u00e9es pour optimiser le site web et assurer la s\u00e9curit\u00e9 de nos syst\u00e8mes informatiques. Aucune \u00e9valuation des donn\u00e9es \u00e0 des fins de marketing n'a lieu dans ce contexte.<\/p>\n\n\n\n<p>Nos int\u00e9r\u00eats l\u00e9gitimes \u00e0 traiter les donn\u00e9es conform\u00e9ment \u00e0 l'article 6, paragraphe 1, point f) du RGPD se situent \u00e9galement dans ces objectifs.<\/p>\n\n\n\n<h3 class=\"wp-block-heading western\">Dur\u00e9e de conservation<\/h3>\n\n\n\n<p>Les donn\u00e9es sont supprim\u00e9es d\u00e8s qu'elles ne sont plus n\u00e9cessaires \u00e0 la r\u00e9alisation des finalit\u00e9s pour lesquelles elles ont \u00e9t\u00e9 collect\u00e9es. Dans le cas de la collecte de donn\u00e9es pour la mise \u00e0 disposition du site web, cela se produit \u00e0 la fin de la session concern\u00e9e.<\/p>\n\n\n\n<p>En cas de stockage des donn\u00e9es dans des fichiers journaux, ceci a lieu au plus tard sept jours apr\u00e8s. Un stockage au-del\u00e0 de cette p\u00e9riode est possible. Dans ce cas, les adresses IP des utilisateurs sont supprim\u00e9es ou rendues anonymes de sorte qu'une attribution du client appelant n'est plus possible.<\/p>\n\n\n\n<h3 class=\"wp-block-heading western\">Moyen de recours et de rectification<\/h3>\n\n\n\n<p>La collecte des donn\u00e9es pour la mise \u00e0 disposition du site web et le stockage des donn\u00e9es dans des fichiers journaux sont absolument n\u00e9cessaires au fonctionnement du site internet. Par cons\u00e9quent, l'utilisateur ne dispose d'aucun droit d'opposition.<\/p>\n\n\n\n<h2 class=\"wp-block-heading western\">Utilisation des cookies<\/h2>\n\n\n\n<h3 class=\"wp-block-heading\">Description et \u00e9tendue du traitement des donn\u00e9es<\/h3>\n\n\n\n<p>Notre site web utilise des cookies. Les cookies sont des fichiers texte qui sont stock\u00e9s dans le navigateur Internet ou par le navigateur Internet sur le syst\u00e8me informatique de l'utilisateur. Lorsqu'un utilisateur consulte un site web, un cookie peut \u00eatre stock\u00e9 sur le syst\u00e8me d'exploitation de l'utilisateur. Ce cookie contient une cha\u00eene de caract\u00e8res caract\u00e9ristique qui permet une identification unique du navigateur lors de la consultation ult\u00e9rieure du site web.<\/p>\n\n\n\n<p>Nous utilisons des cookies pour rendre notre site Web plus convivial. Certains \u00e9l\u00e9ments de notre site Internet n\u00e9cessitent que le navigateur appelant puisse \u00eatre identifi\u00e9 m\u00eame apr\u00e8s un changement de page.<\/p>\n\n\n\n<p>Les donn\u00e9es suivantes sont enregistr\u00e9es et transmises dans les cookies :<\/p>\n\n\n\n<ol class=\"wp-block-list\">\n<li>Param\u00e8tres linguistiques<\/li>\n\n\n\n<li>Informations de connexion<\/li>\n<\/ol>\n\n\n\n<h3 class=\"wp-block-heading\">Base juridique du traitement des donn\u00e9es<\/h3>\n\n\n\n<p>La base juridique du traitement des donn\u00e9es personnelles \u00e0 l'aide de cookies est l'article 6, paragraphe 1, point f) du RGPD.<\/p>\n\n\n\n<h3 class=\"wp-block-heading\">Motif du traitement des donn\u00e9es<\/h3>\n\n\n\n<p>Le but de l'utilisation de cookies techniquement n\u00e9cessaires est de simplifier l'utilisation des sites web pour les utilisateurs. Certaines fonctionnalit\u00e9s de notre site Internet ne peuvent pas \u00eatre propos\u00e9es sans l'utilisation de cookies. Pour celles-ci, il est n\u00e9cessaire que le navigateur soit reconnu \u00e0 nouveau, m\u00eame apr\u00e8s un changement de page.<\/p>\n\n\n\n<p>Pour les applications suivantes, nous avons besoin de cookies :<\/p>\n\n\n\n<ol class=\"wp-block-list\">\n<li>Prise en charge des param\u00e8tres de langue<\/li>\n<\/ol>\n\n\n\n<p>Les donn\u00e9es d'utilisation collect\u00e9es par les cookies techniquement n\u00e9cessaires ne sont pas utilis\u00e9es pour cr\u00e9er des profils d'utilisateurs.<\/p>\n\n\n\n<p>Nos int\u00e9r\u00eats l\u00e9gitimes \u00e0 traiter les donn\u00e9es personnelles sont \u00e9galement dans ces buts, conform\u00e9ment \u00e0 l'article 6, paragraphe 1, point f du RGPD.<\/p>\n\n\n\n<h3 class=\"wp-block-heading\">Dur\u00e9e de conservation, possibilit\u00e9 d'opposition et de suppression<\/h3>\n\n\n\n<p>Les cookies sont enregistr\u00e9s sur l'ordinateur de l'utilisateur et lui sont transmis sur notre site. Par cons\u00e9quent, en tant qu'utilisateur, vous avez le contr\u00f4le total sur l'utilisation des cookies. En modifiant les param\u00e8tres de votre navigateur Internet, vous pouvez d\u00e9sactiver ou limiter la transmission des cookies. Les cookies d\u00e9j\u00e0 enregistr\u00e9s peuvent \u00eatre supprim\u00e9s \u00e0 tout moment. Cela peut \u00e9galement se faire automatiquement. Si les cookies sont d\u00e9sactiv\u00e9s pour notre site Web, il se peut que toutes les fonctions du site Web ne puissent plus \u00eatre utilis\u00e9es dans leur int\u00e9gralit\u00e9.<\/p>\n\n\n\n<h2 class=\"wp-block-heading western\">Formulaire de contact et contact par e-mail<\/h2>\n\n\n\n<h3 class=\"wp-block-heading western\">Description et \u00e9tendue du traitement des donn\u00e9es<\/h3>\n\n\n\n<p>Sur notre site Internet, vous trouverez un formulaire de contact qui peut \u00eatre utilis\u00e9 pour prendre contact par voie \u00e9lectronique. Si un utilisateur utilise cette possibilit\u00e9, les donn\u00e9es saisies dans le masque de saisie nous sont transmises et sauvegard\u00e9es. Ces donn\u00e9es sont :<\/p>\n\n\n\n<ol class=\"wp-block-list\">\n<li>Nom<\/li>\n\n\n\n<li>adresse e-mail<\/li>\n\n\n\n<li>Message pour prendre contact<\/li>\n<\/ol>\n\n\n\n<p>Au moment de l'envoi du message, les donn\u00e9es suivantes sont \u00e9galement enregistr\u00e9es :<\/p>\n\n\n\n<ol class=\"wp-block-list\">\n<li>L'adresse IP de l'utilisateur<\/li>\n\n\n\n<li>Date et heure de l'inscription<\/li>\n<\/ol>\n\n\n\n<p>Pour le traitement des donn\u00e9es, votre consentement sera obtenu dans le cadre du processus de soumission, et il sera fait r\u00e9f\u00e9rence \u00e0 cette d\u00e9claration de confidentialit\u00e9.<\/p>\n\n\n\n<p>Alternativement, il est possible de prendre contact via l'adresse e-mail fournie. Dans ce cas, les donn\u00e9es personnelles de l'utilisateur transmises par e-mail seront enregistr\u00e9es.<\/p>\n\n\n\n<p>Dans ce contexte, les donn\u00e9es ne sont pas transmises \u00e0 des tiers. Les donn\u00e9es sont utilis\u00e9es exclusivement pour le traitement de la conversation.<\/p>\n\n\n\n<h3 class=\"wp-block-heading western\">Base juridique du traitement des donn\u00e9es<\/h3>\n\n\n\n<p>La base juridique du traitement des donn\u00e9es est l'article 6, paragraphe 1, point a) du RGPD, en cas de consentement de l'utilisateur.<\/p>\n\n\n\n<p>Le fondement juridique du traitement des donn\u00e9es transmises dans le cadre de l'envoi d'un e-mail est l'article 6, paragraphe 1, point f) du RGPD. Si la prise de contact par e-mail vise \u00e0 la conclusion d'un contrat, le fondement juridique suppl\u00e9mentaire pour le traitement est l'article 6, paragraphe 1, point b) du RGPD.<\/p>\n\n\n\n<h3 class=\"wp-block-heading western\">Motif du traitement des donn\u00e9es<\/h3>\n\n\n\n<p>Le traitement des donn\u00e9es personnelles du formulaire de saisie nous sert uniquement \u00e0 traiter votre prise de contact. En cas de contact par e-mail, cet int\u00e9r\u00eat l\u00e9gitime requis pour le traitement des donn\u00e9es r\u00e9side \u00e9galement dans ce cadre.<\/p>\n\n\n\n<p>Les autres donn\u00e9es personnelles trait\u00e9es lors du processus d'envoi servent \u00e0 pr\u00e9venir l'abus du formulaire de contact et \u00e0 assurer la s\u00e9curit\u00e9 de nos syst\u00e8mes informatiques.<\/p>\n\n\n\n<h3 class=\"wp-block-heading western\">Dur\u00e9e de conservation<\/h3>\n\n\n\n<p>Les donn\u00e9es sont supprim\u00e9es d\u00e8s qu'elles ne sont plus n\u00e9cessaires \u00e0 la r\u00e9alisation du but pour lequel elles ont \u00e9t\u00e9 collect\u00e9es. Pour les donn\u00e9es personnelles provenant du masque de saisie du formulaire de contact et celles qui ont \u00e9t\u00e9 envoy\u00e9es par e-mail, c'est le cas lorsque la conversation respective avec l'utilisateur est termin\u00e9e. La conversation est termin\u00e9e lorsqu'il ressort des circonstances que la question trait\u00e9e est d\u00e9finitivement r\u00e9solue.<\/p>\n\n\n\n<p>Les donn\u00e9es personnelles collect\u00e9es lors du processus d'envoi sont supprim\u00e9es au plus tard apr\u00e8s un d\u00e9lai de sept jours.<\/p>\n\n\n\n<h3 class=\"wp-block-heading western\">Moyen de recours et de rectification<\/h3>\n\n\n\n<p>L'utilisateur a \u00e0 tout moment la possibilit\u00e9 de r\u00e9voquer son consentement au traitement des donn\u00e9es personnelles. Si l'utilisateur nous contacte par e-mail, il peut s'opposer au stockage de ses donn\u00e9es personnelles \u00e0 tout moment. Dans un tel cas, la conversation ne pourra pas \u00eatre poursuivie.<\/p>\n\n\n\n<p>Le retrait du consentement et l'opposition \u00e0 la conservation peuvent \u00eatre effectu\u00e9s sans formalit\u00e9s par e-mail ou par \u00e9crit.<\/p>\n\n\n\n<p>Dans ce cas, toutes les donn\u00e9es personnelles stock\u00e9es lors de la prise de contact seront supprim\u00e9es.<\/p>\n\n\n\n<h2 class=\"wp-block-heading western\">Analyse de trafic avec Google Analytics<\/h2>\n\n\n\n<p>Ce site web utilise Google Analytics, un service d'analyse web de Google Inc. (\u201e Google \u201c). L'utilisation comprend le mode de fonctionnement \u201e Universal Analytics \u201c. Cela permet d'attribuer des donn\u00e9es, des sessions et des interactions \u00e0 un identifiant d'utilisateur pseudonyme sur plusieurs appareils et ainsi d'analyser les activit\u00e9s d'un utilisateur sur diff\u00e9rents appareils.<\/p>\n\n\n\n<p>Google Analytics utilise des \u201ecookies\u201c, des fichiers texte qui sont enregistr\u00e9s sur votre ordinateur et qui permettent d'analyser votre utilisation du site web. Les informations g\u00e9n\u00e9r\u00e9es par le cookie concernant votre utilisation de ce site web sont g\u00e9n\u00e9ralement transmises \u00e0 un serveur de Google aux \u00c9tats-Unis et y sont enregistr\u00e9es. Si l'anonymisation IP est activ\u00e9e sur ce site, votre adresse IP sera toutefois abr\u00e9g\u00e9e par Google au sein des \u00c9tats membres de l'Union europ\u00e9enne ou dans d'autres \u00c9tats signataires de l'accord sur l'Espace \u00e9conomique europ\u00e9en. Ce n'est que dans des cas exceptionnels que l'adresse IP compl\u00e8te est transmise \u00e0 un serveur de Google aux \u00c9tats-Unis et y est abr\u00e9g\u00e9e. Nous attirons votre attention sur le fait que sur ce site Internet, Google Analytics a \u00e9t\u00e9 \u00e9tendu \u00e0 l'anonymisation IP afin de garantir une saisie anonyme des adresses IP (ce que l'on appelle le masquage IP). L'adresse IP transmise par votre navigateur dans le cadre de Google Analytics n'est pas recoup\u00e9e avec d'autres donn\u00e9es de Google. Vous trouverez de plus amples informations sur les conditions d'utilisation et la protection des donn\u00e9es sous <a href=\"https:\/\/www.google.com\/analytics\/terms\/de.html\" target=\"_blank\" rel=\"noopener\">https:\/\/www.google.com\/analytics\/terms\/de.html<\/a> ou sous <a href=\"https:\/\/policies.google.com\/?hl=de\" target=\"_blank\" rel=\"noopener\">https:\/\/policies.google.com\/?hl=de<\/a>.<\/p>\n\n\n\n<h3 class=\"wp-block-heading\">Objet du traitement<\/h3>\n\n\n\n<p>Pour le compte de l'exploitant de ce site web, Google utilisera ces informations afin d'\u00e9valuer votre utilisation du site, de compiler des rapports sur l'activit\u00e9 du site et de fournir \u00e0 l'exploitant du site d'autres services li\u00e9s \u00e0 l'utilisation du site et d'Internet.<\/p>\n\n\n\n<p><strong>Base juridique<\/strong><br>La base juridique pour l'utilisation de Google Analytics est votre consentement conform\u00e9ment \u00e0 <a href=\"https:\/\/dsgvo-gesetz.de\/art-6-dsgvo\/\" target=\"_blank\" rel=\"noopener\">Article 6, paragraphe 1, premi\u00e8re phrase, point a) du RGPD<\/a>.<\/p>\n\n\n\n<h3 class=\"wp-block-heading\">Destinataire \/ Cat\u00e9gories de destinataires<\/h3>\n\n\n\n<p>Le destinataire des donn\u00e9es collect\u00e9es est Google.<\/p>\n\n\n\n<h3 class=\"wp-block-heading\">Transfert vers des pays tiers<\/h3>\n\n\n\n<p>Les donn\u00e9es personnelles sont transf\u00e9r\u00e9es vers les \u00c9tats-Unis dans le cadre du Privacy Shield UE-\u00c9tats-Unis, sur la base de la d\u00e9cision d'ad\u00e9quation de la Commission europ\u00e9enne. Vous pouvez consulter le certificat <a href=\"https:\/\/www.privacyshield.gov\/participant?id=a2zt000000001L5AAI\" target=\"_blank\" rel=\"noopener\">hier<\/a> r\u00e9cup\u00e9rer.<\/p>\n\n\n\n<h3 class=\"wp-block-heading\">Dur\u00e9e de conservation des donn\u00e9es<\/h3>\n\n\n\n<p>Les donn\u00e9es que nous envoyons et qui sont associ\u00e9es \u00e0 des cookies, des identifiants utilisateur (par exemple, identifiant utilisateur) ou des identifiants publicitaires seront automatiquement supprim\u00e9es apr\u00e8s 14 mois. La suppression des donn\u00e9es dont la p\u00e9riode de conservation est atteinte s'effectue automatiquement une fois par mois.<\/p>\n\n\n\n<h3 class=\"wp-block-heading\">Droits des personnes concern\u00e9es<\/h3>\n\n\n\n<p>Vous pouvez r\u00e9voquer votre consentement \u00e0 tout moment avec effet pour l'avenir en emp\u00eachant le stockage des cookies par un r\u00e9glage appropri\u00e9 de votre logiciel de navigation ; nous attirons cependant votre attention sur le fait qu'en ce cas, vous ne pourrez \u00e9ventuellement pas utiliser toutes les fonctions de ce site Internet dans leur int\u00e9gralit\u00e9.<\/p>\n\n\n\n<p>Vous pouvez aussi emp\u00eacher la collecte des donn\u00e9es g\u00e9n\u00e9r\u00e9es par le cookie et relatives \u00e0 votre utilisation du site Web (y compris votre adresse IP) par Google, ainsi que le traitement de ces donn\u00e9es par Google, en t\u00e9l\u00e9chargeant et en installant le plugin pour navigateur disponible via ce lien : <a href=\"https:\/\/tools.google.com\/dlpage\/gaoptout?hl=de\" target=\"_blank\" rel=\"noopener\">Extension de navigateur<\/a> t\u00e9l\u00e9charger et installer. Les cookies d'opt-out emp\u00eachent la collecte future de vos donn\u00e9es lors de la visite de ce site web. Pour emp\u00eacher la collecte par Universal Analytics sur diff\u00e9rents appareils, vous devez effectuer l'opt-out sur tous les syst\u00e8mes utilis\u00e9s. Si vous cliquez ici, le cookie d'opt-out sera d\u00e9fini :<\/p>","protected":false},"excerpt":{"rendered":"<p>Name und Anschrift des Verantwortlichen Der Verantwortliche im Sinne der Datenschutz-Grundverordnung und anderer nationaler Datenschutzgesetze der Mitgliedsstaaten sowie sonstiger datenschutzrechtlicher Bestimmungen ist die: silentdynamics GmbHFalckenbergstr. 9a18059 RostockDeutschlandTel.: +49 381 36779853E-Mail: info@silentdynamics.deWebsite: silentdynamics.de Name und Anschrift des Datenschutzbeauftragten Der Datenschutzbeauftragte des Verantwortlichen ist: Dr.-Ing. Hannes Kr\u00f6gerFalckenbergstr. 9a18059 RostockDeutschlandTel.: +49 381 36779853E-Mail: hannes.kroeger@silentdynamics.de Allgemeines zur Datenverarbeitung Umfang [&hellip;]<\/p>\n","protected":false},"author":1,"featured_media":0,"parent":0,"menu_order":0,"comment_status":"closed","ping_status":"closed","template":"page-fullwidth.php","meta":{"footnotes":""},"class_list":["post-1201","page","type-page","status-publish","hentry"],"_links":{"self":[{"href":"https:\/\/silentdynamics.de\/fr\/wp-json\/wp\/v2\/pages\/1201","targetHints":{"allow":["GET"]}}],"collection":[{"href":"https:\/\/silentdynamics.de\/fr\/wp-json\/wp\/v2\/pages"}],"about":[{"href":"https:\/\/silentdynamics.de\/fr\/wp-json\/wp\/v2\/types\/page"}],"author":[{"embeddable":true,"href":"https:\/\/silentdynamics.de\/fr\/wp-json\/wp\/v2\/users\/1"}],"replies":[{"embeddable":true,"href":"https:\/\/silentdynamics.de\/fr\/wp-json\/wp\/v2\/comments?post=1201"}],"version-history":[{"count":0,"href":"https:\/\/silentdynamics.de\/fr\/wp-json\/wp\/v2\/pages\/1201\/revisions"}],"wp:attachment":[{"href":"https:\/\/silentdynamics.de\/fr\/wp-json\/wp\/v2\/media?parent=1201"}],"curies":[{"name":"wp","href":"https:\/\/api.w.org\/{rel}","templated":true}]}}