{"id":1118,"date":"2018-03-17T17:34:52","date_gmt":"2018-03-17T16:34:52","guid":{"rendered":"http:\/\/silentdynamics.de\/?page_id=1118"},"modified":"2024-09-20T12:52:32","modified_gmt":"2024-09-20T10:52:32","slug":"open-source-cae-blog","status":"publish","type":"page","link":"https:\/\/silentdynamics.de\/fr\/open-source-cae-blog\/","title":{"rendered":"Blog sur les ANSO open source"},"content":{"rendered":"<p>Dans ce blog, nous souhaitons partager des exp\u00e9riences avec des logiciels libres pour les diff\u00e9rentes t\u00e2ches d'AFE.<\/p>\n\n\n<ul class=\"wp-block-latest-posts__list is-grid columns-3 has-dates has-author wp-block-latest-posts\"><li><div class=\"wp-block-latest-posts__featured-image\"><img loading=\"lazy\" decoding=\"async\" width=\"150\" height=\"150\" src=\"https:\/\/silentdynamics.de\/wp-content\/uploads\/2019\/08\/gui_insightCAE-150x150.png\" class=\"attachment-thumbnail size-thumbnail wp-post-image\" alt=\"\" style=\"\" srcset=\"https:\/\/silentdynamics.de\/wp-content\/uploads\/2019\/08\/gui_insightCAE-150x150.png 150w, https:\/\/silentdynamics.de\/wp-content\/uploads\/2019\/08\/gui_insightCAE-60x60.png 60w\" sizes=\"auto, (max-width: 150px) 100vw, 150px\" \/><\/div><a class=\"wp-block-latest-posts__post-title\" href=\"https:\/\/silentdynamics.de\/fr\/2026\/04\/10\/insightcae-beispiele\/\">InsightCAE \u2013 Exemples<\/a><div class=\"wp-block-latest-posts__post-author\">par hk<\/div><time datetime=\"2026-04-10T11:36:13+02:00\" class=\"wp-block-latest-posts__post-date\">10 avril 2026<\/time><\/li>\n<li><div class=\"wp-block-latest-posts__featured-image\"><img loading=\"lazy\" decoding=\"async\" width=\"150\" height=\"150\" src=\"https:\/\/silentdynamics.de\/wp-content\/uploads\/2019\/08\/engineering_image_r1-150x150.png\" class=\"attachment-thumbnail size-thumbnail wp-post-image\" alt=\"\" style=\"\" srcset=\"https:\/\/silentdynamics.de\/wp-content\/uploads\/2019\/08\/engineering_image_r1-150x150.png 150w, https:\/\/silentdynamics.de\/wp-content\/uploads\/2019\/08\/engineering_image_r1-60x60.png 60w, https:\/\/silentdynamics.de\/wp-content\/uploads\/2019\/08\/engineering_image_r1.png 300w\" sizes=\"auto, (max-width: 150px) 100vw, 150px\" \/><\/div><a class=\"wp-block-latest-posts__post-title\" href=\"https:\/\/silentdynamics.de\/fr\/2026\/04\/10\/unsere-dienstleistungen\/\">Nos services<\/a><div class=\"wp-block-latest-posts__post-author\">par hk<\/div><time datetime=\"2026-04-10T11:27:19+02:00\" class=\"wp-block-latest-posts__post-date\">10 avril 2026<\/time><\/li>\n<li><div class=\"wp-block-latest-posts__featured-image\"><img loading=\"lazy\" decoding=\"async\" width=\"150\" height=\"150\" src=\"https:\/\/silentdynamics.de\/wp-content\/uploads\/2026\/04\/books-150x150.jpg\" class=\"attachment-thumbnail size-thumbnail wp-post-image\" alt=\"\" style=\"\" \/><\/div><a class=\"wp-block-latest-posts__post-title\" href=\"https:\/\/silentdynamics.de\/fr\/2026\/04\/10\/insightcae-dokumentation\/\">InsightCAE \u2013 Documentation<\/a><div class=\"wp-block-latest-posts__post-author\">par hk<\/div><time datetime=\"2026-04-10T09:45:40+02:00\" class=\"wp-block-latest-posts__post-date\">10 avril 2026<\/time><\/li>\n<li><div class=\"wp-block-latest-posts__featured-image\"><img loading=\"lazy\" decoding=\"async\" width=\"150\" height=\"150\" src=\"https:\/\/silentdynamics.de\/wp-content\/uploads\/2019\/11\/insightCAE_workflow-1-150x150.png\" class=\"attachment-thumbnail size-thumbnail wp-post-image\" alt=\"\" style=\"\" srcset=\"https:\/\/silentdynamics.de\/wp-content\/uploads\/2019\/11\/insightCAE_workflow-1-150x150.png 150w, https:\/\/silentdynamics.de\/wp-content\/uploads\/2019\/11\/insightCAE_workflow-1-60x60.png 60w\" sizes=\"auto, (max-width: 150px) 100vw, 150px\" \/><\/div><a class=\"wp-block-latest-posts__post-title\" href=\"https:\/\/silentdynamics.de\/fr\/2026\/04\/10\/insightcae-die-idee\/\">InsightCAE \u2013 L'id\u00e9e<\/a><div class=\"wp-block-latest-posts__post-author\">par hk<\/div><time datetime=\"2026-04-10T09:25:00+02:00\" class=\"wp-block-latest-posts__post-date\">10 avril 2026<\/time><\/li>\n<li><div class=\"wp-block-latest-posts__featured-image\"><img loading=\"lazy\" decoding=\"async\" width=\"150\" height=\"150\" src=\"https:\/\/silentdynamics.de\/wp-content\/uploads\/2019\/08\/casebuilder_front-150x150.png\" class=\"attachment-thumbnail size-thumbnail wp-post-image\" alt=\"\" style=\"\" srcset=\"https:\/\/silentdynamics.de\/wp-content\/uploads\/2019\/08\/casebuilder_front-150x150.png 150w, https:\/\/silentdynamics.de\/wp-content\/uploads\/2019\/08\/casebuilder_front-60x60.png 60w\" sizes=\"auto, (max-width: 150px) 100vw, 150px\" \/><\/div><a class=\"wp-block-latest-posts__post-title\" href=\"https:\/\/silentdynamics.de\/fr\/2026\/04\/09\/insightcae-case-builder-fuer-thermische-simulationen\/\">InsightCAE Case Builder pour simulations thermiques<\/a><div class=\"wp-block-latest-posts__post-author\">par hk<\/div><time datetime=\"2026-04-09T15:22:03+02:00\" class=\"wp-block-latest-posts__post-date\">9 avril 2026<\/time><\/li>\n<\/ul>\n\n\n<div class=\"wp-block-query is-layout-flow wp-block-query-is-layout-flow\"><nav class=\"wp-block-query-pagination is-layout-flex wp-block-query-pagination-is-layout-flex\" aria-label=\"Pagination\">\n\n\n<div class=\"wp-block-query-pagination-numbers\"><span aria-current=\"page\" class=\"page-numbers current\">1<\/span>\n<a class=\"page-numbers\" href=\"?query-0-page=2\">2<\/a>\n<a class=\"page-numbers\" href=\"?query-0-page=3\">3<\/a>\n<span class=\"page-numbers dots\">\u2026<\/span>\n<a class=\"page-numbers\" href=\"?query-0-page=13\">13<\/a><\/div>\n\n<a href=\"\/fr\/wp-json\/wp\/v2\/pages\/1118?query-0-page=2\" class=\"wp-block-query-pagination-next\">Page suivante<\/a>\n<\/nav>\n\n<\/div>\n\n\n<ul class=\"wp-block-archives-list wp-block-archives\">\t<li><a href='https:\/\/silentdynamics.de\/fr\/2026\/04\/'>avril 2026<\/a><\/li>\n\t<li><a href='https:\/\/silentdynamics.de\/fr\/2026\/03\/'>mars 2026<\/a><\/li>\n\t<li><a href='https:\/\/silentdynamics.de\/fr\/2022\/02\/'>f\u00e9vrier 2022<\/a><\/li>\n\t<li><a href='https:\/\/silentdynamics.de\/fr\/2022\/01\/'>janvier 2022<\/a><\/li>\n\t<li><a href='https:\/\/silentdynamics.de\/fr\/2019\/01\/'>janvier 2019<\/a><\/li>\n\t<li><a href='https:\/\/silentdynamics.de\/fr\/2018\/03\/'>mars 2018<\/a><\/li>\n<\/ul>\n\n\n<p><\/p>","protected":false},"excerpt":{"rendered":"<p>Dans ce blog, nous souhaitons partager des exp\u00e9riences avec des logiciels libres pour les diff\u00e9rentes t\u00e2ches d'AFE.<\/p>","protected":false},"author":1,"featured_media":0,"parent":0,"menu_order":0,"comment_status":"closed","ping_status":"closed","template":"","meta":{"footnotes":""},"class_list":["post-1118","page","type-page","status-publish","hentry"],"_links":{"self":[{"href":"https:\/\/silentdynamics.de\/fr\/wp-json\/wp\/v2\/pages\/1118","targetHints":{"allow":["GET"]}}],"collection":[{"href":"https:\/\/silentdynamics.de\/fr\/wp-json\/wp\/v2\/pages"}],"about":[{"href":"https:\/\/silentdynamics.de\/fr\/wp-json\/wp\/v2\/types\/page"}],"author":[{"embeddable":true,"href":"https:\/\/silentdynamics.de\/fr\/wp-json\/wp\/v2\/users\/1"}],"replies":[{"embeddable":true,"href":"https:\/\/silentdynamics.de\/fr\/wp-json\/wp\/v2\/comments?post=1118"}],"version-history":[{"count":0,"href":"https:\/\/silentdynamics.de\/fr\/wp-json\/wp\/v2\/pages\/1118\/revisions"}],"wp:attachment":[{"href":"https:\/\/silentdynamics.de\/fr\/wp-json\/wp\/v2\/media?parent=1118"}],"curies":[{"name":"wp","href":"https:\/\/api.w.org\/{rel}","templated":true}]}}