{"id":14,"date":"2015-09-13T00:34:16","date_gmt":"2015-09-12T22:34:16","guid":{"rendered":"http:\/\/relaunch.silentdynamics.de\/?page_id=14"},"modified":"2024-09-20T12:45:20","modified_gmt":"2024-09-20T10:45:20","slug":"impressum","status":"publish","type":"page","link":"https:\/\/silentdynamics.de\/es\/impressum\/","title":{"rendered":"Aviso legal"},"content":{"rendered":"<p><strong>Aviso legal seg\u00fan \u00a76 Ley de servicios de telecomunicaciones (TDG)<\/strong><\/p>\n\n\n\n<p>Editor responsable y webmaster para la planificaci\u00f3n, realizaci\u00f3n y supervisi\u00f3n de los contenidos de Internet, as\u00ed como para la administraci\u00f3n es<\/p>\n\n\n\n<figure class=\"wp-block-table\"><table class=\"has-fixed-layout\"><tbody><tr><td>silentdynamics GmbH<\/td><\/tr><tr><td>Falckenbergstr. 9a<\/td><\/tr><tr><td>18059 Rostock<\/td><\/tr><tr><td>Registro Mercantil del Juzgado de Distrito de Rostock HRB 13076<\/td><\/tr><\/tbody><\/table><\/figure>\n\n\n\n<p><strong>Director General<\/strong><\/p>\n\n\n\n<figure class=\"wp-block-table\"><table class=\"has-fixed-layout\"><tbody><tr><td>Dr.-Ing. Hannes Kr\u00f6ger<\/td><\/tr><\/tbody><\/table><\/figure>\n\n\n\n<p><strong>Descargo de responsabilidad<\/strong><\/p>\n\n\n\n<p>Contenido de la oferta en l\u00ednea: Los autores no asumen garant\u00eda alguna sobre la actualidad, correcci\u00f3n, exhaustividad o calidad de la informaci\u00f3n proporcionada. Las reclamaciones de responsabilidad contra los autores, relativas a da\u00f1os materiales o inmateriales, causados por el uso o no uso de la informaci\u00f3n presentada o por el uso de informaci\u00f3n err\u00f3nea e incompleta, quedan fundamentalmente excluidas, siempre que no exista culpa intencional o gravemente negligente por parte de los autores. Todas las ofertas son sin compromiso y vinculantes. Los autores se reservan expresamente el derecho de modificar, complementar, eliminar partes de las p\u00e1ginas o la oferta completa sin previo aviso, o de suspender la publicaci\u00f3n de forma temporal o definitiva.<\/p>\n\n\n\n<p><strong>Referencias y enlaces<\/strong><\/p>\n\n\n\n<p>Si se hace referencia directa o indirectamente a destinos de enlace (\u201clinks\u201d) que se encuentran fuera del \u00e1rea de responsabilidad de los autores, estos solo ser\u00e1n responsables si tienen conocimiento de los contenidos y si fuera t\u00e9cnicamente posible y razonable para ellos evitar el uso en caso de contenidos ilegales. Por contenidos adicionales y especialmente por da\u00f1os derivados del uso o no uso de la informaci\u00f3n ofrecida de esta manera, solo es responsable el proveedor de la p\u00e1gina a la que se hace referencia, no aquel que simplemente hace referencia a la publicaci\u00f3n respectiva a trav\u00e9s de enlaces. Esta limitaci\u00f3n se aplica igualmente a las entradas de terceros en libros de visitas, foros de discusi\u00f3n y listas de correo establecidas por los autores.<\/p>\n\n\n\n<p>Derechos de autor: Los autores se esfuerzan por respetar los derechos de autor de los gr\u00e1ficos, documentos sonoros, secuencias de v\u00eddeo y textos utilizados en todas las publicaciones, por utilizar gr\u00e1ficos, documentos sonoros, secuencias de v\u00eddeo y textos creados por ellos mismos, o por recurrir a gr\u00e1ficos, documentos sonoros, secuencias de v\u00eddeo y textos libres de licencia. Los derechos de autor de los objetos publicados y creados por el propio autor seguir\u00e1n siendo del autor de las p\u00e1ginas.<\/p>\n\n\n\n<p><strong>Validez legal de este descargo de responsabilidad<\/strong><\/p>\n\n\n\n<p>Este descargo de responsabilidad debe considerarse como parte de la oferta de Internet desde la que se hizo referencia a esta p\u00e1gina. Si partes o formulaciones individuales de este texto no corresponden, ya no corresponden o no corresponden completamente a la situaci\u00f3n legal actual, las partes restantes del documento no se ver\u00e1n afectadas en su contenido ni en su validez.<\/p>\n\n\n\n<p><strong>Descargo de responsabilidad<\/strong><\/p>\n\n\n\n<p>En la oferta informativa de silentdynamics se encuentran referencias cruzadas (\u201cenlaces\u201d) a otras ofertas en Internet, las cuales se caracterizan porque su contenido se abre en una nueva ventana.<\/p>\n\n\n\n<p>A trav\u00e9s de la referencia cruzada, silentdynamics facilita el acceso al uso de estos contenidos (\u00a7 9 de la Ley de Servicios de Telecomunicaciones). No es responsable de estos contenidos \u201cajenos\u201d, ya que no ha iniciado la transmisi\u00f3n de la informaci\u00f3n, no ha seleccionado al destinatario de la informaci\u00f3n transmitida ni ha seleccionado o modificado la informaci\u00f3n transmitida. Tampoco se produce un almacenamiento intermedio autom\u00e1tico y de corta duraci\u00f3n de esta \u201cinformaci\u00f3n ajena\u201d debido al m\u00e9todo de llamada y enlace elegido por silentdynamics, por lo que tampoco se deriva de ello ninguna responsabilidad de silentdynamics por estos contenidos ajenos.<\/p>\n\n\n\n<p>Sin embargo, al vincularse por primera vez con estas ofertas de Internet, silentdynamics ha verificado que dicho contenido externo desencadene una posible responsabilidad civil o penal.<\/p>","protected":false},"excerpt":{"rendered":"<p>Impressum gem\u00e4\u00df \u00a76 Teledienstegesetz (TDG) Verantwortlicher Redakteur und Webmaster f\u00fcr die Planung, Realisierung und Betreuung der Internetinhalte sowie f\u00fcr die Administration ist silentdynamics GmbH Falckenbergstr. 9a 18059 Rostock Handelsregister des Amtsgerichts Rostock HRB 13076 Gesch\u00e4ftsf\u00fchrer Dr.-Ing. Hannes Kr\u00f6ger Haftungsausschluss Inhalt des Onlineangebots: Die Autoren \u00fcbernehmen keinerlei Gew\u00e4hr f\u00fcr die Aktualit\u00e4t, Korrektheit, Vollst\u00e4ndigkeit oder Qualit\u00e4t der [&hellip;]<\/p>\n","protected":false},"author":1,"featured_media":0,"parent":0,"menu_order":0,"comment_status":"closed","ping_status":"closed","template":"","meta":{"footnotes":""},"class_list":["post-14","page","type-page","status-publish","hentry"],"_links":{"self":[{"href":"https:\/\/silentdynamics.de\/es\/wp-json\/wp\/v2\/pages\/14","targetHints":{"allow":["GET"]}}],"collection":[{"href":"https:\/\/silentdynamics.de\/es\/wp-json\/wp\/v2\/pages"}],"about":[{"href":"https:\/\/silentdynamics.de\/es\/wp-json\/wp\/v2\/types\/page"}],"author":[{"embeddable":true,"href":"https:\/\/silentdynamics.de\/es\/wp-json\/wp\/v2\/users\/1"}],"replies":[{"embeddable":true,"href":"https:\/\/silentdynamics.de\/es\/wp-json\/wp\/v2\/comments?post=14"}],"version-history":[{"count":0,"href":"https:\/\/silentdynamics.de\/es\/wp-json\/wp\/v2\/pages\/14\/revisions"}],"wp:attachment":[{"href":"https:\/\/silentdynamics.de\/es\/wp-json\/wp\/v2\/media?parent=14"}],"curies":[{"name":"wp","href":"https:\/\/api.w.org\/{rel}","templated":true}]}}