{"id":1201,"date":"2018-05-24T21:44:55","date_gmt":"2018-05-24T19:44:55","guid":{"rendered":"http:\/\/silentdynamics.de\/?page_id=1201"},"modified":"2024-09-20T12:38:13","modified_gmt":"2024-09-20T10:38:13","slug":"datenschutzerklaerung","status":"publish","type":"page","link":"https:\/\/silentdynamics.de\/es\/datenschutzerklaerung\/","title":{"rendered":"Declaraci\u00f3n de protecci\u00f3n de datos"},"content":{"rendered":"<h2 class=\"wp-block-heading western\">Nombre y direcci\u00f3n del responsable<\/h2>\n\n\n\n<p>El responsable del tratamiento a efectos del Reglamento General de Protecci\u00f3n de Datos y otras leyes nacionales de protecci\u00f3n de datos de los Estados miembros, as\u00ed como otras disposiciones de derecho de protecci\u00f3n de datos, es:<\/p>\n\n\n\n<p>silentdynamics GmbH<br>Falckenbergstr. 9a<br>18059 Rostock<br>Alemania<br>Tel.: +49 381 36779853<br>Correo electr\u00f3nico: info@silentdynamics.de<br>Sitio web: silentdynamics.de<\/p>\n\n\n\n<h2 class=\"wp-block-heading western\">Nombre y direcci\u00f3n del responsable de protecci\u00f3n de datos<\/h2>\n\n\n\n<p>El delegado de protecci\u00f3n de datos del responsable es:<\/p>\n\n\n\n<p>Dr.-Ing. Hannes Kr\u00f6ger<br>Falckenbergstr. 9a<br>18059 Rostock<br>Alemania<br>Tel.: +49 381 36779853<br>Correo electr\u00f3nico: hannes.kroeger@silentdynamics.de<\/p>\n\n\n\n<h2 class=\"wp-block-heading western\">Informaci\u00f3n general sobre el procesamiento de datos<\/h2>\n\n\n\n<h3 class=\"wp-block-heading western\">Alcance del tratamiento de datos personales<\/h3>\n\n\n\n<p>Por principio, solo procesamos datos personales de nuestros usuarios en la medida en que sea necesario para la provisi\u00f3n de un sitio web funcional, as\u00ed como de nuestros contenidos y servicios. El procesamiento de datos personales de nuestros usuarios se realiza regularmente solo con el consentimiento del usuario. Se aplicar\u00e1 una excepci\u00f3n en aquellos casos en que no sea posible obtener un consentimiento previo por razones de hecho y el procesamiento de los datos est\u00e9 permitido por disposiciones legales.<\/p>\n\n\n\n<h3 class=\"wp-block-heading western\">Base legal para el tratamiento de datos personales<\/h3>\n\n\n\n<p>Siempre que obtengamos el consentimiento de la persona interesada para operaciones de procesamiento de datos personales, el Art. 6, P\u00e1rrafo 1, Apartado a) del Reglamento General de Protecci\u00f3n de Datos (RGPD) de la UE servir\u00e1 como base legal.<\/p>\n\n\n\n<p>Al procesar datos personales que son necesarios para la ejecuci\u00f3n de un contrato del que es parte el interesado, el Art\u00edculo 6, apartado 1, letra b) del RGPD sirve como base jur\u00eddica. Esto tambi\u00e9n se aplica a los procesos de tratamiento que son necesarios para la ejecuci\u00f3n de medidas precontractuales.<\/p>\n\n\n\n<p>En la medida en que el tratamiento de datos personales sea necesario para el cumplimiento de una obligaci\u00f3n legal a la que nuestra empresa est\u00e9 sujeta, el art\u00edculo 6, apartado 1, letra c, del RGPD servir\u00e1 de base jur\u00eddica.<\/p>\n\n\n\n<p>En caso de que el tratamiento de datos personales sea necesario para proteger los intereses vitales de la persona interesada o de otra persona f\u00edsica, el art\u00edculo 6, apartado 1, letra d) del RGPD servir\u00e1 de base jur\u00eddica.<\/p>\n\n\n\n<p>Si el tratamiento es necesario para la salvaguardia de un inter\u00e9s leg\u00edtimo de nuestra empresa o de un tercero, y los intereses, derechos fundamentales y libertades del interesado no prevalecen sobre el primer inter\u00e9s, el art\u00edculo\u00a06, apartado\u00a01, letra\u00a0f) del RGPD servir\u00e1 como base jur\u00eddica para el tratamiento.<\/p>\n\n\n\n<h3 class=\"wp-block-heading western\">Eliminaci\u00f3n de datos y per\u00edodo de conservaci\u00f3n<\/h3>\n\n\n\n<p>Los datos personales del interesado ser\u00e1n suprimidos o bloqueados tan pronto como la finalidad del almacenamiento deje de existir. Adicionalmente, el almacenamiento puede tener lugar si as\u00ed lo ha previsto el legislador europeo o nacional en reglamentos, leyes u otras disposiciones de la Uni\u00f3n a las que est\u00e9 sujeto el responsable del tratamiento. El bloqueo o la supresi\u00f3n de los datos se producir\u00e1n tambi\u00e9n cuando expire un plazo de conservaci\u00f3n prescrito por las normativas mencionadas, a menos que exista una necesidad de seguir conservando los datos para la celebraci\u00f3n o el cumplimiento de un contrato.<\/p>\n\n\n\n<h2 class=\"wp-block-heading western\">Provisi\u00f3n del sitio web y creaci\u00f3n de archivos de registro<\/h2>\n\n\n\n<h3 class=\"wp-block-heading western\">Descripci\u00f3n y alcance del procesamiento de datos<\/h3>\n\n\n\n<p>En cada acceso a nuestro sitio web, nuestro sistema recopila autom\u00e1ticamente datos e informaci\u00f3n del sistema inform\u00e1tico del ordenador que accede.<\/p>\n\n\n\n<p>Los siguientes datos se recopilan aqu\u00ed:<\/p>\n\n\n\n<ol class=\"wp-block-list\">\n<li>Informaci\u00f3n sobre el tipo de navegador y la versi\u00f3n utilizada<\/li>\n\n\n\n<li>El sistema operativo del usuario<\/li>\n\n\n\n<li>El proveedor de servicios de Internet del usuario<\/li>\n\n\n\n<li>La direcci\u00f3n IP del usuario<\/li>\n\n\n\n<li>Fecha y hora de acceso<\/li>\n\n\n\n<li>Sitios web desde los que el sistema del usuario llega a nuestra p\u00e1gina de internet<\/li>\n\n\n\n<li>Sitios web que el usuario accede desde nuestro sitio web<\/li>\n<\/ol>\n\n\n\n<p>Los datos tambi\u00e9n se guardan en los archivos de registro de nuestro sistema. No se combinan estos datos con otros datos personales del usuario.<\/p>\n\n\n\n<h3 class=\"wp-block-heading western\">Base jur\u00eddica para el tratamiento de datos<\/h3>\n\n\n\n<p>La base jur\u00eddica para el almacenamiento temporal de los datos y los archivos de registro es el art\u00edculo\u00a06, apartado\u00a01, letra\u00a0f) del RGPD.<\/p>\n\n\n\n<h3 class=\"wp-block-heading western\">Prop\u00f3sito del procesamiento de datos<\/h3>\n\n\n\n<p>El almacenamiento temporal de la direcci\u00f3n IP por parte del sistema es necesario para permitir la entrega del sitio web al ordenador del usuario. Para ello, la direcci\u00f3n IP del usuario debe permanecer almacenada durante la duraci\u00f3n de la sesi\u00f3n.<\/p>\n\n\n\n<p>El almacenamiento en archivos de registro se realiza para garantizar la funcionalidad del sitio web. Adem\u00e1s, los datos nos sirven para optimizar el sitio web y garantizar la seguridad de nuestros sistemas de tecnolog\u00eda de la informaci\u00f3n. En este contexto, no se realiza ning\u00fan an\u00e1lisis de datos con fines de marketing.<\/p>\n\n\n\n<p>En estos fines reside tambi\u00e9n nuestro inter\u00e9s leg\u00edtimo en el tratamiento de datos conforme al art\u00edculo 6, apartado 1, letra f) del RGPD.<\/p>\n\n\n\n<h3 class=\"wp-block-heading western\">Duraci\u00f3n del almacenamiento<\/h3>\n\n\n\n<p>Los datos se eliminar\u00e1n tan pronto como dejen de ser necesarios para el prop\u00f3sito para el que fueron recopilados. En el caso de la recopilaci\u00f3n de datos para la provisi\u00f3n del sitio web, esto ocurre cuando finaliza la sesi\u00f3n correspondiente.<\/p>\n\n\n\n<p>En caso de que los datos se almacenen en archivos de registro, esto ocurre a m\u00e1s tardar a los siete d\u00edas. Es posible un almacenamiento adicional. En este caso, las direcciones IP de los usuarios se eliminar\u00e1n o se desidentificar\u00e1n, de modo que ya no sea posible la asignaci\u00f3n al cliente que realiza la llamada.<\/p>\n\n\n\n<h3 class=\"wp-block-heading western\">Posibilidad de objeci\u00f3n y eliminaci\u00f3n<\/h3>\n\n\n\n<p>La recopilaci\u00f3n de datos para la provisi\u00f3n del sitio web y el almacenamiento de datos en archivos de registro son absolutamente necesarios para el funcionamiento del sitio web. Por lo tanto, el usuario no tiene posibilidad de oponerse.<\/p>\n\n\n\n<h2 class=\"wp-block-heading western\">Uso de cookies<\/h2>\n\n\n\n<h3 class=\"wp-block-heading\">Descripci\u00f3n y alcance del procesamiento de datos<\/h3>\n\n\n\n<p>Nuestro sitio web utiliza cookies. Las cookies son archivos de texto que se guardan en el navegador de Internet o desde el navegador de Internet en el sistema inform\u00e1tico del usuario. Cuando un usuario accede a un sitio web, una cookie puede almacenarse en el sistema operativo del usuario. Esta cookie contiene una cadena de caracteres caracter\u00edstica que permite una identificaci\u00f3n \u00fanica del navegador al volver a acceder al sitio web.<\/p>\n\n\n\n<p>Utilizamos cookies para hacer que nuestro sitio web sea m\u00e1s f\u00e1cil de usar. Algunos elementos de nuestra p\u00e1gina de Internet requieren que el navegador que accede pueda ser identificado incluso despu\u00e9s de un cambio de p\u00e1gina.<\/p>\n\n\n\n<p>Los datos almacenados y transmitidos en las cookies son los siguientes:<\/p>\n\n\n\n<ol class=\"wp-block-list\">\n<li>Configuraci\u00f3n de idioma<\/li>\n\n\n\n<li>Informaci\u00f3n de inicio de sesi\u00f3n<\/li>\n<\/ol>\n\n\n\n<h3 class=\"wp-block-heading\">Base jur\u00eddica para el tratamiento de datos<\/h3>\n\n\n\n<p>La base legal para el procesamiento de datos personales utilizando cookies es el Art. 6, p\u00e1rrafo 1, letra f) del RGPD.<\/p>\n\n\n\n<h3 class=\"wp-block-heading\">Prop\u00f3sito del procesamiento de datos<\/h3>\n\n\n\n<p>El prop\u00f3sito de usar cookies t\u00e9cnicamente necesarias es simplificar el uso de sitios web para los usuarios. Algunas funciones de nuestro sitio de Internet no se pueden ofrecer sin el uso de cookies, para las cuales es necesario que el navegador sea reconocido incluso despu\u00e9s de cambiar de p\u00e1gina.<\/p>\n\n\n\n<p>Para las siguientes aplicaciones necesitamos cookies:<\/p>\n\n\n\n<ol class=\"wp-block-list\">\n<li>Adquisici\u00f3n de configuraciones de idioma<\/li>\n<\/ol>\n\n\n\n<p>Los datos de usuario recopilados a trav\u00e9s de las cookies t\u00e9cnicamente necesarias no se utilizan para crear perfiles de usuario.<\/p>\n\n\n\n<p>En estos fines tambi\u00e9n reside nuestro inter\u00e9s leg\u00edtimo en el tratamiento de datos personales de conformidad con el art\u00edculo 6, apartado 1, letra f) del RGPD.<\/p>\n\n\n\n<h3 class=\"wp-block-heading\">Duraci\u00f3n del almacenamiento, posibilidad de oposici\u00f3n y eliminaci\u00f3n<\/h3>\n\n\n\n<p>Las cookies se almacenan en el ordenador del usuario y son transmitidas por este a nuestro sitio. Por lo tanto, como usuario, usted tiene el control total sobre el uso de las cookies. Modificando la configuraci\u00f3n de su navegador de Internet, puede desactivar o restringir la transmisi\u00f3n de cookies. Las cookies ya almacenadas se pueden eliminar en cualquier momento. Esto tambi\u00e9n se puede hacer de forma automatizada. Si las cookies se desactivan para nuestro sitio web, es posible que no todas las funciones del sitio web se puedan utilizar en su totalidad.<\/p>\n\n\n\n<h2 class=\"wp-block-heading western\">Formulario de contacto y contacto por correo electr\u00f3nico<\/h2>\n\n\n\n<h3 class=\"wp-block-heading western\">Descripci\u00f3n y alcance del procesamiento de datos<\/h3>\n\n\n\n<p>En nuestro sitio web hay un formulario de contacto que se puede utilizar para establecer contacto por v\u00eda electr\u00f3nica. Si un usuario utiliza esta opci\u00f3n, los datos introducidos en la m\u00e1scara de entrada se nos transmiten y almacenan. Estos datos son:<\/p>\n\n\n\n<ol class=\"wp-block-list\">\n<li>Nombre<\/li>\n\n\n\n<li>Direcci\u00f3n de correo electr\u00f3nico<\/li>\n\n\n\n<li>Mensaje para contactar<\/li>\n<\/ol>\n\n\n\n<p>En el momento de enviar el mensaje, tambi\u00e9n se almacenan los siguientes datos:<\/p>\n\n\n\n<ol class=\"wp-block-list\">\n<li>La direcci\u00f3n IP del usuario<\/li>\n\n\n\n<li>Fecha y hora de registro<\/li>\n<\/ol>\n\n\n\n<p>Para el procesamiento de los datos, se solicitar\u00e1 su consentimiento durante el proceso de env\u00edo y se har\u00e1 referencia a esta pol\u00edtica de privacidad.<\/p>\n\n\n\n<p>Alternativamente, es posible ponerse en contacto a trav\u00e9s de la direcci\u00f3n de correo electr\u00f3nico proporcionada. En este caso, se almacenar\u00e1n los datos personales del usuario transmitidos con el correo electr\u00f3nico.<\/p>\n\n\n\n<p>En este contexto, los datos no se ceder\u00e1n a terceros. Los datos se utilizar\u00e1n exclusivamente para procesar la conversaci\u00f3n.<\/p>\n\n\n\n<h3 class=\"wp-block-heading western\">Base jur\u00eddica para el tratamiento de datos<\/h3>\n\n\n\n<p>La base legal para el procesamiento de los datos, en caso de que exista el consentimiento del usuario, es el art\u00edculo 6, p\u00e1rrafo 1, letra a) del RGPD.<\/p>\n\n\n\n<p>La base jur\u00eddica para el tratamiento de los datos transmitidos al enviar un correo electr\u00f3nico es el art\u00edculo 6, apartado 1, letra f) del RGPD. Si el contacto por correo electr\u00f3nico tiene como objetivo la celebraci\u00f3n de un contrato, la base jur\u00eddica adicional para el tratamiento es el art\u00edculo 6, apartado 1, letra b) del RGPD.<\/p>\n\n\n\n<h3 class=\"wp-block-heading western\">Prop\u00f3sito del procesamiento de datos<\/h3>\n\n\n\n<p>El procesamiento de los datos personales del formulario de entrada nos sirve \u00fanicamente para tramitar el contacto. En caso de contacto por correo electr\u00f3nico, tambi\u00e9n existe aqu\u00ed el inter\u00e9s leg\u00edtimo necesario para el tratamiento de los datos.<\/p>\n\n\n\n<p>Los dem\u00e1s datos de car\u00e1cter personal que se tratan durante el proceso de env\u00edo tienen como finalidad prevenir el uso indebido del formulario de contacto y garantizar la seguridad de nuestros sistemas de tecnolog\u00eda de la informaci\u00f3n.<\/p>\n\n\n\n<h3 class=\"wp-block-heading western\">Duraci\u00f3n del almacenamiento<\/h3>\n\n\n\n<p>Los datos se eliminar\u00e1n tan pronto como ya no sean necesarios para el prop\u00f3sito para el que fueron recopilados. En el caso de los datos personales del formulario de contacto y aquellos enviados por correo electr\u00f3nico, esto ocurrir\u00e1 una vez que la conversaci\u00f3n respectiva con el usuario haya finalizado. La conversaci\u00f3n se considerar\u00e1 finalizada cuando las circunstancias indiquen que el asunto en cuesti\u00f3n ha sido resuelto de forma concluyente.<\/p>\n\n\n\n<p>Los datos personales recopilados adicionalmente durante el proceso de env\u00edo se eliminar\u00e1n a m\u00e1s tardar despu\u00e9s de un per\u00edodo de siete d\u00edas.<\/p>\n\n\n\n<h3 class=\"wp-block-heading western\">Posibilidad de objeci\u00f3n y eliminaci\u00f3n<\/h3>\n\n\n\n<p>El usuario tiene derecho en cualquier momento a revocar su consentimiento para el tratamiento de sus datos personales. Si el usuario se pone en contacto con nosotros por correo electr\u00f3nico, puede oponerse al almacenamiento de sus datos personales en cualquier momento. En tal caso, la conversaci\u00f3n no podr\u00e1 continuar.<\/p>\n\n\n\n<p>La revocaci\u00f3n del consentimiento y la objeci\u00f3n a la conservaci\u00f3n pueden realizarse sin formalidades por correo electr\u00f3nico o por escrito.<\/p>\n\n\n\n<p>Todos los datos personales que se hayan almacenado como resultado del contacto se eliminar\u00e1n en este caso.<\/p>\n\n\n\n<h2 class=\"wp-block-heading western\">An\u00e1lisis de tr\u00e1fico con Google Analytics<\/h2>\n\n\n\n<p>En este sitio web se utiliza Google Analytics, un servicio de an\u00e1lisis web proporcionado por Google Inc. (\u201eGoogle\u201c). El uso incluye el modo de operaci\u00f3n \u201eUniversal Analytics\u201c. Esto permite asignar datos, sesiones e interacciones en varios dispositivos a un ID de usuario seud\u00f3nimo y analizar as\u00ed las actividades de un usuario en todos los dispositivos.<\/p>\n\n\n\n<p>Google Analytics utiliza \u201ecookies\u201c, que son archivos de texto ubicados en su ordenador, para ayudar al website a analizar el uso que hacen los usuarios del sitio web. La informaci\u00f3n que genera la cookie acerca de su uso de este sitio web normalmente se transmite a un servidor de Google en los EE.UU. y se almacena all\u00ed. Sin embargo, si se activa la anonimizaci\u00f3n de IP en este sitio web, su direcci\u00f3n IP ser\u00e1 primero truncada por Google dentro de los estados miembros de la Uni\u00f3n Europea o en otros estados signatarios del Acuerdo sobre el Espacio Econ\u00f3mico Europeo. S\u00f3lo en casos excepcionales se transmitir\u00e1 la direcci\u00f3n IP completa a un servidor de Google en EE.UU. y se truncar\u00e1 all\u00ed. Nos gustar\u00eda se\u00f1alar que Google Analytics se ha ampliado en este sitio web para incluir la anonimizaci\u00f3n de IP con el fin de garantizar la recopilaci\u00f3n an\u00f3nima de direcciones IP (el llamado enmascaramiento de IP). La direcci\u00f3n IP transmitida por su navegador como parte de Google Analytics no se fusionar\u00e1 con otros datos de Google. Encontrar\u00e1 m\u00e1s informaci\u00f3n sobre las condiciones de uso y la protecci\u00f3n de datos en <a href=\"https:\/\/www.google.com\/analytics\/terms\/de.html\" target=\"_blank\" rel=\"noopener\">https:\/\/www.google.com\/analytics\/terms\/de.html<\/a> o alternativamente <a href=\"https:\/\/policies.google.com\/?hl=de\" target=\"_blank\" rel=\"noopener\">https:\/\/policies.google.com\/?hl=de<\/a>.<\/p>\n\n\n\n<h3 class=\"wp-block-heading\">Prop\u00f3sitos del procesamiento<\/h3>\n\n\n\n<p>Por encargo del titular de este sitio web, Google utilizar\u00e1 esta informaci\u00f3n para evaluar su uso del sitio web, compilar informes sobre la actividad del sitio web y prestar otros servicios relacionados con el uso del sitio web y de Internet al titular del sitio web.<\/p>\n\n\n\n<p><strong>Base legal<\/strong><br>La base legal para el uso de Google Analytics es su consentimiento de acuerdo con <a href=\"https:\/\/dsgvo-gesetz.de\/art-6-dsgvo\/\" target=\"_blank\" rel=\"noopener\">Art\u00edculo 6, apartado 1, frase 1, letra a) del RGPD<\/a>.<\/p>\n\n\n\n<h3 class=\"wp-block-heading\">Destinatario \/ Categor\u00edas de destinatarios<\/h3>\n\n\n\n<p>El destinatario de los datos recopilados es Google.<\/p>\n\n\n\n<h3 class=\"wp-block-heading\">Transferencia a terceros pa\u00edses<\/h3>\n\n\n\n<p>Los datos personales se transferir\u00e1n a los EE. UU. bajo el Escudo de privacidad UE-EE. UU. bas\u00e1ndose en la decisi\u00f3n de adecuaci\u00f3n de la Comisi\u00f3n Europea. Puede ver el certificado <a href=\"https:\/\/www.privacyshield.gov\/participant?id=a2zt000000001L5AAI\" target=\"_blank\" rel=\"noopener\">aqu\u00ed<\/a> recuperar.<\/p>\n\n\n\n<h3 class=\"wp-block-heading\">Duraci\u00f3n del almacenamiento de datos<\/h3>\n\n\n\n<p>Los datos que enviamos y que est\u00e1n vinculados a cookies, identificadores de usuario (por ejemplo, ID de usuario) o identificadores publicitarios se eliminar\u00e1n autom\u00e1ticamente despu\u00e9s de 14 meses. La eliminaci\u00f3n de datos cuya retenci\u00f3n haya expirado se realizar\u00e1 autom\u00e1ticamente una vez al mes.<\/p>\n\n\n\n<h3 class=\"wp-block-heading\">Derechos de los afectados<\/h3>\n\n\n\n<p>Puede revocar su consentimiento en cualquier momento con efecto para el futuro impidiendo el almacenamiento de cookies mediante la configuraci\u00f3n correspondiente de su software de navegador; sin embargo, le informamos que, en ese caso, es posible que no pueda utilizar todas las funciones de este sitio web en su totalidad.<\/p>\n\n\n\n<p>Adem\u00e1s, puede impedir la recopilaci\u00f3n de datos generados por la cookie y relacionados con su uso del sitio web (incluida su direcci\u00f3n IP) por parte de Google, as\u00ed como el procesamiento de estos datos por parte de Google, si instala el <a href=\"https:\/\/tools.google.com\/dlpage\/gaoptout?hl=de\" target=\"_blank\" rel=\"noopener\">Complemento del navegador<\/a> descargar e instalar. Las cookies de exclusi\u00f3n voluntaria impiden la recopilaci\u00f3n futura de sus datos cuando visita este sitio web. Para evitar la recopilaci\u00f3n por parte de Universal Analytics en diferentes dispositivos, debe realizar la exclusi\u00f3n voluntaria en todos los sistemas utilizados. Si hace clic aqu\u00ed, se establecer\u00e1 la cookie de exclusi\u00f3n voluntaria:<\/p>","protected":false},"excerpt":{"rendered":"<p>Name und Anschrift des Verantwortlichen Der Verantwortliche im Sinne der Datenschutz-Grundverordnung und anderer nationaler Datenschutzgesetze der Mitgliedsstaaten sowie sonstiger datenschutzrechtlicher Bestimmungen ist die: silentdynamics GmbHFalckenbergstr. 9a18059 RostockDeutschlandTel.: +49 381 36779853E-Mail: info@silentdynamics.deWebsite: silentdynamics.de Name und Anschrift des Datenschutzbeauftragten Der Datenschutzbeauftragte des Verantwortlichen ist: Dr.-Ing. Hannes Kr\u00f6gerFalckenbergstr. 9a18059 RostockDeutschlandTel.: +49 381 36779853E-Mail: hannes.kroeger@silentdynamics.de Allgemeines zur Datenverarbeitung Umfang [&hellip;]<\/p>\n","protected":false},"author":1,"featured_media":0,"parent":0,"menu_order":0,"comment_status":"closed","ping_status":"closed","template":"page-fullwidth.php","meta":{"footnotes":""},"class_list":["post-1201","page","type-page","status-publish","hentry"],"_links":{"self":[{"href":"https:\/\/silentdynamics.de\/es\/wp-json\/wp\/v2\/pages\/1201","targetHints":{"allow":["GET"]}}],"collection":[{"href":"https:\/\/silentdynamics.de\/es\/wp-json\/wp\/v2\/pages"}],"about":[{"href":"https:\/\/silentdynamics.de\/es\/wp-json\/wp\/v2\/types\/page"}],"author":[{"embeddable":true,"href":"https:\/\/silentdynamics.de\/es\/wp-json\/wp\/v2\/users\/1"}],"replies":[{"embeddable":true,"href":"https:\/\/silentdynamics.de\/es\/wp-json\/wp\/v2\/comments?post=1201"}],"version-history":[{"count":0,"href":"https:\/\/silentdynamics.de\/es\/wp-json\/wp\/v2\/pages\/1201\/revisions"}],"wp:attachment":[{"href":"https:\/\/silentdynamics.de\/es\/wp-json\/wp\/v2\/media?parent=1201"}],"curies":[{"name":"wp","href":"https:\/\/api.w.org\/{rel}","templated":true}]}}