{"id":14,"date":"2015-09-13T00:34:16","date_gmt":"2015-09-12T22:34:16","guid":{"rendered":"http:\/\/relaunch.silentdynamics.de\/?page_id=14"},"modified":"2024-09-20T12:45:20","modified_gmt":"2024-09-20T10:45:20","slug":"impressum","status":"publish","type":"page","link":"https:\/\/silentdynamics.de\/en\/impressum\/","title":{"rendered":"Imprint"},"content":{"rendered":"<p><strong>Imprint according to \u00a76 Teledienstegesetz (TDG)<\/strong><\/p>\n\n\n\n<p>Managing editor and webmaster responsible for the planning, implementation, and maintenance of internet content as well as for administration is<\/p>\n\n\n\n<figure class=\"wp-block-table\"><table class=\"has-fixed-layout\"><tbody><tr><td>silentdynamics GmbH<\/td><\/tr><tr><td>Falckenberg Street 9a<\/td><\/tr><tr><td>18059 Rostock<\/td><\/tr><tr><td>Commercial Register of the Rostock Local Court HRB 13076<\/td><\/tr><\/tbody><\/table><\/figure>\n\n\n\n<p><strong>Managing Director<\/strong><\/p>\n\n\n\n<figure class=\"wp-block-table\"><table class=\"has-fixed-layout\"><tbody><tr><td>Dr.-Ing. Hannes Kr\u00f6ger<\/td><\/tr><\/tbody><\/table><\/figure>\n\n\n\n<p><strong>Disclaimer<\/strong><\/p>\n\n\n\n<p>Content of the online offer: The authors assume no responsibility for the timeliness, accuracy, completeness, or quality of the information provided. Liability claims against the authors, relating to material or immaterial damages caused by the use or non-use of the information provided or by the use of erroneous and incomplete information, are fundamentally excluded, provided that there is no demonstrably intentional or grossly negligent fault on the part of the authors. All offers are subject to change and are non-binding. The authors expressly reserve the right to change, amend, or delete parts of the pages or the entire offer without separate notice, or to cease publication temporarily or permanently.<\/p>\n\n\n\n<p><strong>References and Links<\/strong><\/p>\n\n\n\n<p>If direct or indirect references are made to destination (\u201clinks\u201d) outside the authors' area of responsibility, they shall only be liable if they have knowledge of the content and it would be technically possible and reasonable for them to prevent the use in case of illegal content. For any further content, and in particular for damages resulting from the use or non-use of information offered in this way, only the provider of the page to which reference is made is liable, not the person who merely refers to the respective publication via links. This limitation applies equally to third-party entries in guest books, discussion forums, and mailing lists set up by the authors.<\/p>\n\n\n\n<p>Copyright: The authors endeavor to observe the copyrights of graphics, sound documents, video sequences, and texts used in all publications, to use graphics, sound documents, video sequences, and texts created by themselves, or to draw on royalty-free graphics, sound documents, video sequences, and texts. The copyright for published objects created by the author themselves shall remain solely with the author of the pages.<\/p>\n\n\n\n<p><strong>Legal validity of this disclaimer<\/strong><\/p>\n\n\n\n<p>This disclaimer is to be regarded as part of the internet publication from which you were referred to this page. If parts or individual formulations of this text do not correspond to the current legal situation, no longer correspond to it, or do not correspond to it completely, the remaining parts of the document remain unaffected in their content and validity.<\/p>\n\n\n\n<p><strong>Disclaimer<\/strong><\/p>\n\n\n\n<p>The information offered by silentdynamics contains cross-references (\u201clinks\u201d) to other internet offerings, which are indicated by the fact that the content opens in a new window.<\/p>\n\n\n\n<p>Through the cross-reference, silentdynamics facilitates access to the use of these contents (\u00a7 9 Teledienstegesetz). It is not responsible for these \u201cthird-party\u201d contents, as it did not initiate the transmission of the information, did not select the recipient of the transmitted information, and did not select or alter the transmitted information. Furthermore, due to the chosen method of calling and linking used by silentdynamics, no automatic temporary caching of this \u201cthird-party information\u201d takes place, so that this also does not result in any responsibility of silentdynamics for this third-party content.<\/p>\n\n\n\n<p>However, when first linking to these internet services, silentdynamics checked the external content to determine whether it would trigger any potential civil or criminal liability.<\/p>","protected":false},"excerpt":{"rendered":"<p>Impressum gem\u00e4\u00df \u00a76 Teledienstegesetz (TDG) Verantwortlicher Redakteur und Webmaster f\u00fcr die Planung, Realisierung und Betreuung der Internetinhalte sowie f\u00fcr die Administration ist silentdynamics GmbH Falckenbergstr. 9a 18059 Rostock Handelsregister des Amtsgerichts Rostock HRB 13076 Gesch\u00e4ftsf\u00fchrer Dr.-Ing. Hannes Kr\u00f6ger Haftungsausschluss Inhalt des Onlineangebots: Die Autoren \u00fcbernehmen keinerlei Gew\u00e4hr f\u00fcr die Aktualit\u00e4t, Korrektheit, Vollst\u00e4ndigkeit oder Qualit\u00e4t der [&hellip;]<\/p>\n","protected":false},"author":1,"featured_media":0,"parent":0,"menu_order":0,"comment_status":"closed","ping_status":"closed","template":"","meta":{"footnotes":""},"class_list":["post-14","page","type-page","status-publish","hentry"],"_links":{"self":[{"href":"https:\/\/silentdynamics.de\/en\/wp-json\/wp\/v2\/pages\/14","targetHints":{"allow":["GET"]}}],"collection":[{"href":"https:\/\/silentdynamics.de\/en\/wp-json\/wp\/v2\/pages"}],"about":[{"href":"https:\/\/silentdynamics.de\/en\/wp-json\/wp\/v2\/types\/page"}],"author":[{"embeddable":true,"href":"https:\/\/silentdynamics.de\/en\/wp-json\/wp\/v2\/users\/1"}],"replies":[{"embeddable":true,"href":"https:\/\/silentdynamics.de\/en\/wp-json\/wp\/v2\/comments?post=14"}],"version-history":[{"count":0,"href":"https:\/\/silentdynamics.de\/en\/wp-json\/wp\/v2\/pages\/14\/revisions"}],"wp:attachment":[{"href":"https:\/\/silentdynamics.de\/en\/wp-json\/wp\/v2\/media?parent=14"}],"curies":[{"name":"WordPress","href":"https:\/\/api.w.org\/{rel}","templated":true}]}}